{"id":342,"date":"2023-09-27T11:56:39","date_gmt":"2023-09-27T09:56:39","guid":{"rendered":"https:\/\/dariocardetailing.pl\/?page_id=342"},"modified":"2023-09-27T11:56:39","modified_gmt":"2023-09-27T09:56:39","slug":"tabela-cookies","status":"publish","type":"page","link":"https:\/\/dariocardetailing.pl\/?page_id=342","title":{"rendered":"Tabela Cookies"},"content":{"rendered":"\n<figure class=\"wp-block-table\"><table><tbody><tr><td>Nazwa&nbsp;<\/td><td>Kategoria<\/td><td>Rodzaj&nbsp;<\/td><td>\u0179r\u00f3d\u0142o<\/td><td>Czas przechowywania<\/td><td>Opis zastosowania&nbsp;<\/td><\/tr><tr><td>unikatowa nazwa generowana dynamicznie<\/td><td>niezb\u0119dne<\/td><td>sesyjne<\/td><td>pliki w\u0142asne strony<\/td><td>przez czas sesji&nbsp;<\/td><td>S\u0105 niezb\u0119dne do&nbsp;poprawnego dzia\u0142ania strony np. wy\u015bwietlania odpowiedniej wersji j\u0119zykowej.<\/td><\/tr><tr><td>cookiesDirective<\/td><td>niezb\u0119dne<\/td><td>sta\u0142y<\/td><td>pliki w\u0142asne strony<\/td><td>do 365 dni<\/td><td>S\u0142u\u017cy do zapisywania informacji, czy dla danego u\u017cytkownika wy\u015bwietla\u0107&nbsp; ponownie komunikat o plikach cookie w przypadku, kiedy u\u017cytkownik zaznaczy\u0142 co najmniej jedn\u0105 z opcjonalnych zg\u00f3d. Dzi\u0119ki niemu baner z informacj\u0105 o plikach cookie nie jest wy\u015bwietlany przy ka\u017cdej wizycie u\u017cytkownika.<\/td><\/tr><tr><td>cpnb_cookiesSettings<\/td><td>niezb\u0119dne<\/td><td>sta\u0142y<\/td><td>pliki w\u0142asne strony<\/td><td>do 365 dni<\/td><td>S\u0142u\u017cy do zbierania informacji o statusie zg\u00f3d na pliki cookie wyra\u017conych przez u\u017cytkownika podczas jego wizyty na stronie.<\/td><\/tr><tr><td>cpnbCookiesDeclined<\/td><td>niezb\u0119dne<\/td><td>sta\u0142y<\/td><td>pliki w\u0142asne strony<\/td><td>do 180 dni<\/td><td>Ten plik s\u0142u\u017cy do zapisywania informacji, czy dla danego u\u017cytkownika wy\u015bwietla\u0107&nbsp; ponownie komunikat o plikach cookie w przypadku, kiedy u\u017cytkownik odrzuci\u0142 wszystkie opcjonalne zgody. Dzi\u0119ki niemu baner z informacj\u0105 o plikach cookie nie jest wy\u015bwietlany przy ka\u017cdej wizycie u\u017cytkownika.<\/td><\/tr><tr><td>_GRECAPTCHA<\/td><td>niezb\u0119dne<\/td><td>sta\u0142y<\/td><td>Google<\/td><td>do 180 dni<\/td><td>Ten plik pochodzi z narz\u0119dzia Google reCAPTCHA, kt\u00f3re s\u0142u\u017cy do ochrony przed spamem.&nbsp;<\/td><\/tr><tr><td>&nbsp;_ga<\/td><td>analityczne<\/td><td>sta\u0142y<\/td><td>Google<\/td><td>do 2 lat<\/td><td>Umo\u017cliwia rozr\u00f3\u017cnianie poszczeg\u00f3lnych u\u017cytkownik\u00f3w i \u015bledzenie w jaki spos\u00f3b korzystaj\u0105 oni z witryny&nbsp; internetowej. Dane s\u0105 wykorzystywane do generowania statystyk u\u017cytkowania witryny bez identyfikowania poszczeg\u00f3lnych u\u017cytkownik\u00f3w. Ten plik pochodzi z narz\u0119dzia Google Analitycs.<\/td><\/tr><tr><td>_gac<\/td><td>analityczne<\/td><td>sta\u0142y<\/td><td>Google<\/td><td>do 90 dni&nbsp;<\/td><td>S\u0142u\u017cy do mierzenia aktywno\u015bci u\u017cytkownik\u00f3w oraz skuteczno\u015bci kampanii reklamowych. Ten plik pochodzi z narz\u0119dzia Google Analitycs.<\/td><\/tr><tr><td>_gcl_xxxx<\/td><td>analityczne<\/td><td>sta\u0142y<\/td><td>Google<\/td><td>do 90 dni&nbsp;<\/td><td>Te pliki s\u0105 u\u017cywane przede wszystkim do informowania, ile razy u\u017cytkownicy, kt\u00f3rzy klikn\u0119li reklamy, wykonali dzia\u0142anie w&nbsp;ich witrynie (na przyk\u0142ad dokonali zakupu). Pliki cookie s\u0142u\u017c\u0105ce do pomiaru wsp\u00f3\u0142czynnik\u00f3w konwersji nie s\u0105 u\u017cywane do personalizacji reklam. Te pliki pochodz\u0105 z narz\u0119dzia Google Analitycs.<\/td><\/tr><tr><td>_gid<\/td><td>analityczne<\/td><td>sta\u0142y<\/td><td>Google<\/td><td>do 24 godzin&nbsp;<\/td><td>S\u0142u\u017cy do rozr\u00f3\u017cniania u\u017cytkownik\u00f3w oraz przechowywania identyfikatora sesji (odwiedzin). Ten plik pochodzi z narz\u0119dzia Google Analitycs.<\/td><\/tr><tr><td>_gat<\/td><td>analityczne<\/td><td>sta\u0142y<\/td><td>Google<\/td><td>do 1 minuty<\/td><td>S\u0142u\u017cy do ograniczania szybko\u015bci \u017c\u0105da\u0144. G\u0142\u00f3wnym celem jest poprawa wydajno\u015bci witryny. Je\u015bli us\u0142uga Google Analytics zostanie wdro\u017cona za pomoc\u0105 Mened\u017cera tag\u00f3w Google, ten plik cookie b\u0119dzie mia\u0142 nazw\u0119 _gat_gtag_&lt;id_us\u0142ugi&gt;.<\/td><\/tr><tr><td>fr<\/td><td>reklamowe<\/td><td>sta\u0142y<\/td><td>Facebook<\/td><td>do 90 dni&nbsp;<\/td><td>Ten plik wykorzystuje si\u0119 do dostarczania odpowiednich reklam u\u017cytkownikom witryny, a tak\u017ce do pomiaru skuteczno\u015bci i zwi\u0119kszania trafno\u015bci reklam.<\/td><\/tr><tr><td>_fbp<\/td><td>reklamowe<\/td><td>sta\u0142y<\/td><td>Facebook<\/td><td>do 90 dni<\/td><td>S\u0142u\u017cy do zliczania, ile razy wy\u015bwietlana jest dana reklama oraz do obliczenia jej kosztu. Plik ten \u015bledzi tak\u017ce zachowanie u\u017cytkownika na stronach, kt\u00f3re maj\u0105 piksel Facebooka lub wtyczk\u0119 spo\u0142eczno\u015bciow\u0105 Facebooka. Identyfikuje przegl\u0105darki do cel\u00f3w dostarczania us\u0142ug reklamowych i zwi\u0105zanych z analiz\u0105 witryny.<\/td><\/tr><\/tbody><\/table><\/figure>\n","protected":false},"excerpt":{"rendered":"<p>Nazwa&nbsp; Kategoria Rodzaj&nbsp; \u0179r\u00f3d\u0142o Czas przechowywania Opis zastosowania&nbsp; unikatowa nazwa generowana dynamicznie niezb\u0119dne sesyjne pliki w\u0142asne strony przez czas sesji&nbsp; S\u0105 niezb\u0119dne do&nbsp;poprawnego dzia\u0142ania strony np. wy\u015bwietlania odpowiedniej wersji j\u0119zykowej. cookiesDirective niezb\u0119dne sta\u0142y pliki w\u0142asne strony do 365 dni S\u0142u\u017cy do zapisywania informacji, czy dla danego u\u017cytkownika wy\u015bwietla\u0107&nbsp; ponownie komunikat o plikach cookie w przypadku,&hellip;&nbsp;<a href=\"https:\/\/dariocardetailing.pl\/?page_id=342\" class=\"\" rel=\"bookmark\">Czytaj dalej &raquo;<span class=\"screen-reader-text\">Tabela Cookies<\/span><\/a><\/p>\n","protected":false},"author":1,"featured_media":0,"parent":0,"menu_order":0,"comment_status":"closed","ping_status":"closed","template":"","meta":{"neve_meta_sidebar":"","neve_meta_container":"","neve_meta_enable_content_width":"","neve_meta_content_width":0,"neve_meta_title_alignment":"","neve_meta_author_avatar":"","neve_post_elements_order":"","neve_meta_disable_header":"","neve_meta_disable_footer":"","neve_meta_disable_title":"","_vp_format_video_url":"","_vp_image_focal_point":[],"footnotes":""},"class_list":["post-342","page","type-page","status-publish","hentry"],"_links":{"self":[{"href":"https:\/\/dariocardetailing.pl\/index.php?rest_route=\/wp\/v2\/pages\/342","targetHints":{"allow":["GET"]}}],"collection":[{"href":"https:\/\/dariocardetailing.pl\/index.php?rest_route=\/wp\/v2\/pages"}],"about":[{"href":"https:\/\/dariocardetailing.pl\/index.php?rest_route=\/wp\/v2\/types\/page"}],"author":[{"embeddable":true,"href":"https:\/\/dariocardetailing.pl\/index.php?rest_route=\/wp\/v2\/users\/1"}],"replies":[{"embeddable":true,"href":"https:\/\/dariocardetailing.pl\/index.php?rest_route=%2Fwp%2Fv2%2Fcomments&post=342"}],"version-history":[{"count":1,"href":"https:\/\/dariocardetailing.pl\/index.php?rest_route=\/wp\/v2\/pages\/342\/revisions"}],"predecessor-version":[{"id":343,"href":"https:\/\/dariocardetailing.pl\/index.php?rest_route=\/wp\/v2\/pages\/342\/revisions\/343"}],"wp:attachment":[{"href":"https:\/\/dariocardetailing.pl\/index.php?rest_route=%2Fwp%2Fv2%2Fmedia&parent=342"}],"curies":[{"name":"wp","href":"https:\/\/api.w.org\/{rel}","templated":true}]}}